{"id":3106,"date":"2024-07-02T12:26:37","date_gmt":"2024-07-02T10:26:37","guid":{"rendered":"https:\/\/carrierepradal.fr\/produit\/domaine-de-la-massole\/"},"modified":"2025-12-03T13:25:20","modified_gmt":"2025-12-03T12:25:20","slug":"domaine-de-la-massole","status":"publish","type":"product","link":"https:\/\/carrierepradal.fr\/en\/produit\/domaine-de-la-massole\/","title":{"rendered":"Domaine de la Massole Ros\u00e9"},"content":{"rendered":"<p>Domaine de la Massole Ros\u00e9 (add a &#8220;coup de c\u0153ur&#8221; pictogram to highlight our signature cuv\u00e9e)<\/p>\n","protected":false},"excerpt":{"rendered":"<p>Domaine de la Massole Ros\u00e9 (add a &#8220;coup de c\u0153ur&#8221; pictogram to highlight our signature cuv\u00e9e)<\/p>\n","protected":false},"featured_media":2857,"template":"","meta":{"_acf_changed":false},"product_brand":[],"product_cat":[20,24],"product_tag":[],"class_list":{"0":"post-3106","1":"product","2":"type-product","3":"status-publish","4":"has-post-thumbnail","6":"product_cat-les-vins","7":"product_cat-rose","9":"first","10":"instock","11":"taxable","12":"shipping-taxable","13":"purchasable","14":"product-type-simple"},"acf":[],"_links":{"self":[{"href":"https:\/\/carrierepradal.fr\/en\/wp-json\/wp\/v2\/product\/3106","targetHints":{"allow":["GET"]}}],"collection":[{"href":"https:\/\/carrierepradal.fr\/en\/wp-json\/wp\/v2\/product"}],"about":[{"href":"https:\/\/carrierepradal.fr\/en\/wp-json\/wp\/v2\/types\/product"}],"wp:featuredmedia":[{"embeddable":true,"href":"https:\/\/carrierepradal.fr\/en\/wp-json\/wp\/v2\/media\/2857"}],"wp:attachment":[{"href":"https:\/\/carrierepradal.fr\/en\/wp-json\/wp\/v2\/media?parent=3106"}],"wp:term":[{"taxonomy":"product_brand","embeddable":true,"href":"https:\/\/carrierepradal.fr\/en\/wp-json\/wp\/v2\/product_brand?post=3106"},{"taxonomy":"product_cat","embeddable":true,"href":"https:\/\/carrierepradal.fr\/en\/wp-json\/wp\/v2\/product_cat?post=3106"},{"taxonomy":"product_tag","embeddable":true,"href":"https:\/\/carrierepradal.fr\/en\/wp-json\/wp\/v2\/product_tag?post=3106"}],"curies":[{"name":"wp","href":"https:\/\/api.w.org\/{rel}","templated":true}]}}